{"id":54,"date":"2019-09-30T18:56:52","date_gmt":"2019-09-30T16:56:52","guid":{"rendered":"http:\/\/nolemont.com\/?page_id=54"},"modified":"2023-12-30T13:45:36","modified_gmt":"2023-12-30T11:45:36","slug":"gde-se-nalazimo","status":"publish","type":"page","link":"https:\/\/nolemont.com\/en\/locations\/","title":{"rendered":"Locations"},"content":{"rendered":"<p><\/p>\n<p class=\"headingParagraph\">Serbia Office<\/p>\n<p style=\"text-align: center;\">Address: Zdravka Jovanovi\u0107a 22, 11147 Belgrade<\/p>\n\n<div class=\"google-maps-builder-wrap\">\n\n\t<div id=\"google-maps-builder-612\" class=\"google-maps-builder\"  data-map-id=\"612\" style=\"width:100%; height:365px\"><\/div>\n\n\t\n<\/div>\n\n<p class=\"transparentParagraph\">a<\/p>\n<div class=\"boxDirectionsWrapper row\">\n<div class=\"btnReadmore col-md-12\">\n<h3>Directions<\/h3>\n<\/div>\n<div class=\"boxDirectionsDesc col-xs-12 col-md-6 col-lg-6\">\n<div class=\"boxDirectionsText\">\n<p style=\"text-align: justify;\">The offices are located in the municipality \u010cukarica. The main Belgrade airport &#8220;Nikola Tesla&#8221; is 21,9 km or ca. 22 minutes away. The main train station is at the distance of 8,2 km or 10 minutes away. The nearest Public transportation station (bus stop) is within a 5 minute walk with the following lines commuting:<\/p>\n<\/div>\n<div class=\"boxDirectionsLines\"><a href=\"https:\/\/www.busevi.com\/mapa-linije-51-savski-trg-bele-vode\/\" target=\"_blank\" rel=\"noopener noreferrer\">51<\/a><br \/>\n<a href=\"https:\/\/www.busevi.com\/mapa-linije-56-zeleni-venac-petlovo-brdo\/\" target=\"_blank\" rel=\"noopener noreferrer\">56<\/a><br \/>\n<a href=\"https:\/\/www.busevi.com\/mapa-linije-531-banovo-brdo-rusanj-13-septembra\/\" target=\"_blank\" rel=\"noopener noreferrer\">531<\/a><br \/>\n<a href=\"https:\/\/www.busevi.com\/mapa-linije-532-banovo-brdo-rusanj-ul-oslobodenja\/\" target=\"_blank\" rel=\"noopener noreferrer\">532<\/a><br \/>\n<a href=\"#\">536<\/a><\/div>\n<\/div>\n<div class=\"boxDirectionsImage col-xs-12 col-md-6 col-lg-6\"><img loading=\"lazy\" decoding=\"async\" class=\"alignnone size-medium wp-image-605\" src=\"https:\/\/nolemont.com\/wp-content\/uploads\/2023\/12\/nole-mont-headquarters-serbia-belgrade-high-low-voltage-installations-23-01-feat-570x299.webp\" alt=\"\" width=\"570\" height=\"299\" \/><\/div>\n<\/div>\n<p class=\"transparentParagraph\">a<\/p>\n<p class=\"headingParagraph\">Germany Office<\/p>\n<p style=\"text-align: center;\">Address: R\u00fcthlingstra\u00dfe 5, 80636 M\u00fcnchen<\/p>\n\n<div class=\"google-maps-builder-wrap\">\n\n\t<div id=\"google-maps-builder-614\" class=\"google-maps-builder\"  data-map-id=\"614\" style=\"width:100%; height:365px\"><\/div>\n\n\t\n<\/div>\n\n<p class=\"transparentParagraph\">a<\/p>\n<div class=\"boxDirectionsWrapper row\">\n<div class=\"btnReadmore col-md-12\">\n<h3>Directions<\/h3>\n<\/div>\n<div class=\"boxDirectionsDesc col-xs-12 col-md-6 col-lg-6\">\n<div class=\"boxDirectionsText\">\n<p style=\"text-align: justify;\">The offices are located in the Maxvorstadt municipal district. The main Munich airport &#8220;Josef Franz Strau\u00df&#8221; is at 33,3km to the north and the main train station is at 1,5km. The nearest Public transportation stations are 290m (subway) and 500m (bus stop) away with the following lines commuting:<\/p>\n<\/div>\n<div class=\"boxDirectionsLines\"><a href=\"https:\/\/moovitapp.com\/index\/en\/public_transit-line-U1-Munchen-3144-854305-281671-0\" target=\"_blank\" rel=\"noopener noreferrer\">U1<\/a><br \/>\n<a href=\"https:\/\/moovitapp.com\/index\/en\/public_transit-line-U7-Munchen-3144-854305-281677-0\" target=\"_blank\" rel=\"noopener noreferrer\">U7<\/a><br \/>\n<a href=\"https:\/\/moovitapp.com\/index\/en\/public_transit-line-153-Munchen-3144-994961-680404-0\" target=\"_blank\" rel=\"noopener noreferrer\">153<\/a><\/div>\n<\/div>\n<div class=\"boxDirectionsImage col-xs-12 col-md-6 col-lg-6\"><img loading=\"lazy\" decoding=\"async\" class=\"alignnone wp-image-634 size-medium\" src=\"https:\/\/nolemont.com\/wp-content\/uploads\/2019\/10\/nole-mont-beograd-elektro-o-nama-1-570x299.jpg\" alt=\"\" width=\"570\" height=\"299\" srcset=\"https:\/\/nolemont.com\/wp-content\/uploads\/2019\/10\/nole-mont-beograd-elektro-o-nama-1-570x299.jpg 570w, https:\/\/nolemont.com\/wp-content\/uploads\/2019\/10\/nole-mont-beograd-elektro-o-nama-1-350x184.jpg 350w, https:\/\/nolemont.com\/wp-content\/uploads\/2019\/10\/nole-mont-beograd-elektro-o-nama-1-768x403.jpg 768w, https:\/\/nolemont.com\/wp-content\/uploads\/2019\/10\/nole-mont-beograd-elektro-o-nama-1.jpg 1200w\" sizes=\"(max-width: 570px) 100vw, 570px\" \/><\/div>\n<\/div>\n<p><\/p>","protected":false},"excerpt":{"rendered":"<p>Serbia Office Address: Zdravka Jovanovi\u0107a 22, 11147 Belgrade a Directions The offices are located in the municipality \u010cukarica. The main Belgrade airport &#8220;Nikola Tesla&#8221; is 21,9 km or ca. 22 minutes away. The main train station is at the distance of 8,2 km or 10 minutes away. The nearest Public transportation station (bus stop) is [&hellip;]<\/p>\n","protected":false},"author":1,"featured_media":0,"parent":0,"menu_order":0,"comment_status":"closed","ping_status":"closed","template":"","meta":{"_monsterinsights_skip_tracking":false,"_monsterinsights_sitenote_active":false,"_monsterinsights_sitenote_note":"","_monsterinsights_sitenote_category":0,"footnotes":""},"_links":{"self":[{"href":"https:\/\/nolemont.com\/en\/wp-json\/wp\/v2\/pages\/54"}],"collection":[{"href":"https:\/\/nolemont.com\/en\/wp-json\/wp\/v2\/pages"}],"about":[{"href":"https:\/\/nolemont.com\/en\/wp-json\/wp\/v2\/types\/page"}],"author":[{"embeddable":true,"href":"https:\/\/nolemont.com\/en\/wp-json\/wp\/v2\/users\/1"}],"replies":[{"embeddable":true,"href":"https:\/\/nolemont.com\/en\/wp-json\/wp\/v2\/comments?post=54"}],"version-history":[{"count":57,"href":"https:\/\/nolemont.com\/en\/wp-json\/wp\/v2\/pages\/54\/revisions"}],"predecessor-version":[{"id":1555,"href":"https:\/\/nolemont.com\/en\/wp-json\/wp\/v2\/pages\/54\/revisions\/1555"}],"wp:attachment":[{"href":"https:\/\/nolemont.com\/en\/wp-json\/wp\/v2\/media?parent=54"}],"curies":[{"name":"wp","href":"https:\/\/api.w.org\/{rel}","templated":true}]}}