{"id":524,"date":"2019-10-15T10:09:44","date_gmt":"2019-10-15T08:09:44","guid":{"rendered":"http:\/\/nolemont.com\/?page_id=524"},"modified":"2021-12-23T13:37:24","modified_gmt":"2021-12-23T11:37:24","slug":"podaci-o-kompaniji","status":"publish","type":"page","link":"https:\/\/nolemont.com\/de\/impressum\/","title":{"rendered":"Impressum"},"content":{"rendered":"<p><\/p>\n<h2 style=\"text-align: center;\">Angaben gem\u00e4\u00df \u00a7 5 TMG<\/h2>\n<p style=\"text-align: center;\">Nole Mont GmbH<\/p>\n<p style=\"text-align: center;\">R\u00fcthlingstra\u00dfe 5<\/p>\n<p style=\"text-align: center;\">80636 M\u00fcnchen<\/p>\n<p style=\"text-align: center;\">Vertreten durch:<\/p>\n<p style=\"text-align: center;\">Dragutin Je\u010dmenica<\/p>\n<h2 style=\"text-align: center;\">Kontakt<\/h2>\n<p style=\"text-align: center;\">Telefon: +49 (0)89 127 39 107<\/p>\n<p style=\"text-align: center;\">Telefax: +49 (0)89 202 44 441<\/p>\n<p style=\"text-align: center;\">E-Mail: nolemont@gmx.de<\/p>\n<h2 style=\"text-align: center;\">Postadresse<\/h2>\n<p style=\"text-align: center;\">Zdravka Jovanovi\u0107a 22<\/p>\n<p style=\"text-align: center;\">11147 Belgrad<\/p>\n<p style=\"text-align: center;\">Republik Serbien<\/p>\n<h2 style=\"text-align: center;\">Umsatzsteuer-ID<\/h2>\n<p style=\"text-align: center;\">DE 240 686 228<\/p>\n<p><\/p>","protected":false},"excerpt":{"rendered":"<p>Angaben gem\u00e4\u00df \u00a7 5 TMG Nole Mont GmbH R\u00fcthlingstra\u00dfe 5 80636 M\u00fcnchen Vertreten durch: Dragutin Je\u010dmenica Kontakt Telefon: +49 (0)89 127 39 107 Telefax: +49 (0)89 202 44 441 E-Mail: nolemont@gmx.de Postadresse Zdravka Jovanovi\u0107a 22 11147 Belgrad Republik Serbien Umsatzsteuer-ID DE 240 686 228<\/p>\n","protected":false},"author":1,"featured_media":0,"parent":0,"menu_order":0,"comment_status":"closed","ping_status":"closed","template":"","meta":{"_monsterinsights_skip_tracking":false,"_monsterinsights_sitenote_active":false,"_monsterinsights_sitenote_note":"","_monsterinsights_sitenote_category":0,"footnotes":""},"_links":{"self":[{"href":"https:\/\/nolemont.com\/de\/wp-json\/wp\/v2\/pages\/524"}],"collection":[{"href":"https:\/\/nolemont.com\/de\/wp-json\/wp\/v2\/pages"}],"about":[{"href":"https:\/\/nolemont.com\/de\/wp-json\/wp\/v2\/types\/page"}],"author":[{"embeddable":true,"href":"https:\/\/nolemont.com\/de\/wp-json\/wp\/v2\/users\/1"}],"replies":[{"embeddable":true,"href":"https:\/\/nolemont.com\/de\/wp-json\/wp\/v2\/comments?post=524"}],"version-history":[{"count":5,"href":"https:\/\/nolemont.com\/de\/wp-json\/wp\/v2\/pages\/524\/revisions"}],"predecessor-version":[{"id":1160,"href":"https:\/\/nolemont.com\/de\/wp-json\/wp\/v2\/pages\/524\/revisions\/1160"}],"wp:attachment":[{"href":"https:\/\/nolemont.com\/de\/wp-json\/wp\/v2\/media?parent=524"}],"curies":[{"name":"wp","href":"https:\/\/api.w.org\/{rel}","templated":true}]}}