{"id":50,"date":"2019-09-30T18:56:29","date_gmt":"2019-09-30T16:56:29","guid":{"rendered":"http:\/\/nolemont.com\/?page_id=50"},"modified":"2023-12-11T12:49:31","modified_gmt":"2023-12-11T10:49:31","slug":"reference","status":"publish","type":"page","link":"https:\/\/nolemont.com\/de\/reference\/","title":{"rendered":"Referenzen"},"content":{"rendered":"<p><\/p>\n<p style=\"text-align: justify;\">Im Laufe unserer mehr als 20 Jahre langen Gesch\u00e4ftst\u00e4tigkeit haben\u00a0 wir eine Vielzahl von Kunden auf dem Binnen- und Au\u00dfenmarkt gewonnen und haben sie zu ihrer vollsten Zufriedenheit betreuen k\u00f6nnen. Zu unseren Kunden geh\u00f6ren unter anderen auch:<\/p>\n<div class=\"refWrapper row\">\n<div class=\"col-xs-12 col-md-12 col-lg-6\">\n<div class=\"countryWrapper\">\n<div class=\"itemHeader\">\n<h2 class=\"itemTitle\"><a href=\"http:\/\/nolemont.com\/reference\/reference-srbija\/\">Referenzen &#8211; Serbien<\/a><\/h2>\n<\/div>\n<div class=\"flagWrapper\"><a href=\"http:\/\/nolemont.com\/reference\/reference-srbija\/\"><img loading=\"lazy\" decoding=\"async\" class=\"alignnone size-full wp-image-377\" src=\"http:\/\/nolemont.com\/wp-content\/uploads\/2019\/10\/nole-mont-srbija-zastava-elektro.jpg\" alt=\"Serbische Flage\" width=\"380\" height=\"250\" srcset=\"https:\/\/nolemont.com\/wp-content\/uploads\/2019\/10\/nole-mont-srbija-zastava-elektro.jpg 380w, https:\/\/nolemont.com\/wp-content\/uploads\/2019\/10\/nole-mont-srbija-zastava-elektro-300x197.jpg 300w\" sizes=\"(max-width: 380px) 100vw, 380px\" \/><\/a><\/div>\n<\/div>\n<\/div>\n<div class=\"col-xs-12 col-md-12 col-lg-6\">\n<div class=\"countryWrapper\">\n<div class=\"itemHeader\">\n<h2 class=\"itemTitle\"><a href=\"http:\/\/nolemont.com\/reference\/reference-nemacka\/\">Referenzen &#8211; Deutschland<\/a><\/h2>\n<\/div>\n<div class=\"flagWrapper\"><a href=\"http:\/\/nolemont.com\/reference\/reference-nemacka\/\"><img loading=\"lazy\" decoding=\"async\" class=\"alignnone size-full wp-image-376\" src=\"http:\/\/nolemont.com\/wp-content\/uploads\/2019\/10\/nole-mont-deutschland-flagge-elektro.jpg\" alt=\"Deutsch Flage\" width=\"380\" height=\"250\" srcset=\"https:\/\/nolemont.com\/wp-content\/uploads\/2019\/10\/nole-mont-deutschland-flagge-elektro.jpg 380w, https:\/\/nolemont.com\/wp-content\/uploads\/2019\/10\/nole-mont-deutschland-flagge-elektro-300x197.jpg 300w\" sizes=\"(max-width: 380px) 100vw, 380px\" \/><\/a><\/div>\n<\/div>\n<\/div>\n<\/div>\n<p><\/p>","protected":false},"excerpt":{"rendered":"<p>Im Laufe unserer mehr als 20 Jahre langen Gesch\u00e4ftst\u00e4tigkeit haben\u00a0 wir eine Vielzahl von Kunden auf dem Binnen- und Au\u00dfenmarkt gewonnen und haben sie zu ihrer vollsten Zufriedenheit betreuen k\u00f6nnen. Zu unseren Kunden geh\u00f6ren unter anderen auch: Referenzen &#8211; Serbien Referenzen &#8211; Deutschland<\/p>\n","protected":false},"author":1,"featured_media":0,"parent":0,"menu_order":0,"comment_status":"closed","ping_status":"closed","template":"","meta":{"_monsterinsights_skip_tracking":false,"_monsterinsights_sitenote_active":false,"_monsterinsights_sitenote_note":"","_monsterinsights_sitenote_category":0,"footnotes":""},"_links":{"self":[{"href":"https:\/\/nolemont.com\/de\/wp-json\/wp\/v2\/pages\/50"}],"collection":[{"href":"https:\/\/nolemont.com\/de\/wp-json\/wp\/v2\/pages"}],"about":[{"href":"https:\/\/nolemont.com\/de\/wp-json\/wp\/v2\/types\/page"}],"author":[{"embeddable":true,"href":"https:\/\/nolemont.com\/de\/wp-json\/wp\/v2\/users\/1"}],"replies":[{"embeddable":true,"href":"https:\/\/nolemont.com\/de\/wp-json\/wp\/v2\/comments?post=50"}],"version-history":[{"count":15,"href":"https:\/\/nolemont.com\/de\/wp-json\/wp\/v2\/pages\/50\/revisions"}],"predecessor-version":[{"id":387,"href":"https:\/\/nolemont.com\/de\/wp-json\/wp\/v2\/pages\/50\/revisions\/387"}],"wp:attachment":[{"href":"https:\/\/nolemont.com\/de\/wp-json\/wp\/v2\/media?parent=50"}],"curies":[{"name":"wp","href":"https:\/\/api.w.org\/{rel}","templated":true}]}}