{"id":48,"date":"2019-09-30T18:56:17","date_gmt":"2019-09-30T16:56:17","guid":{"rendered":"http:\/\/nolemont.com\/?page_id=48"},"modified":"2023-11-17T12:49:29","modified_gmt":"2023-11-17T10:49:29","slug":"usluge","status":"publish","type":"page","link":"https:\/\/nolemont.com\/de\/leistungen\/","title":{"rendered":"Leistungen"},"content":{"rendered":"<p><\/p>\n<p style=\"text-align: justify;\">Die Gesellschaft Nole Mont legt gro\u00dfen Wert darauf,\u00a0 fachlich immer auf dem h\u00f6chsten Stand der Dienstleistungen im Bereich der elektro-energetischen Anlagen, Mess- und Regelungstechnik und Schwach- und Starkstrominstallationen zu sein.<\/p>\n<p style=\"text-align: center;\">Unser Leistungsspektrum umfa\u00dft:<\/p>\n<ul>\n<li>Montage, Pr\u00fcfung, Inbetriebnahme, Instandhaltung, Inbetriebsetzung und Umr\u00fcstung von elektroenergetischen Anlagen<\/li>\n<li>Montage, Pr\u00fcfung, Inbetriebnahme, Instandhaltung, Inbetriebsetzung und Umr\u00fcstung der Mess-und Regelungstechnik<\/li>\n<li>Schwachstrominstallationen an Energie- und Industrieanlagen und\u00a0 Gesch\u00e4fts- und Wohnobjekten<\/li>\n<li>Starkstrominstallationen an Energie- und Industrieanlagen und\u00a0 Gesch\u00e4fts- und Wohnobjekten<\/li>\n<\/ul>\n<p><\/p>","protected":false},"excerpt":{"rendered":"<p>Die Gesellschaft Nole Mont legt gro\u00dfen Wert darauf,\u00a0 fachlich immer auf dem h\u00f6chsten Stand der Dienstleistungen im Bereich der elektro-energetischen Anlagen, Mess- und Regelungstechnik und Schwach- und Starkstrominstallationen zu sein. Unser Leistungsspektrum umfa\u00dft: Montage, Pr\u00fcfung, Inbetriebnahme, Instandhaltung, Inbetriebsetzung und Umr\u00fcstung von elektroenergetischen Anlagen Montage, Pr\u00fcfung, Inbetriebnahme, Instandhaltung, Inbetriebsetzung und Umr\u00fcstung der Mess-und Regelungstechnik Schwachstrominstallationen an [&hellip;]<\/p>\n","protected":false},"author":1,"featured_media":0,"parent":0,"menu_order":0,"comment_status":"closed","ping_status":"closed","template":"","meta":{"_monsterinsights_skip_tracking":false,"_monsterinsights_sitenote_active":false,"_monsterinsights_sitenote_note":"","_monsterinsights_sitenote_category":0,"footnotes":""},"_links":{"self":[{"href":"https:\/\/nolemont.com\/de\/wp-json\/wp\/v2\/pages\/48"}],"collection":[{"href":"https:\/\/nolemont.com\/de\/wp-json\/wp\/v2\/pages"}],"about":[{"href":"https:\/\/nolemont.com\/de\/wp-json\/wp\/v2\/types\/page"}],"author":[{"embeddable":true,"href":"https:\/\/nolemont.com\/de\/wp-json\/wp\/v2\/users\/1"}],"replies":[{"embeddable":true,"href":"https:\/\/nolemont.com\/de\/wp-json\/wp\/v2\/comments?post=48"}],"version-history":[{"count":19,"href":"https:\/\/nolemont.com\/de\/wp-json\/wp\/v2\/pages\/48\/revisions"}],"predecessor-version":[{"id":1341,"href":"https:\/\/nolemont.com\/de\/wp-json\/wp\/v2\/pages\/48\/revisions\/1341"}],"wp:attachment":[{"href":"https:\/\/nolemont.com\/de\/wp-json\/wp\/v2\/media?parent=48"}],"curies":[{"name":"wp","href":"https:\/\/api.w.org\/{rel}","templated":true}]}}