{"id":3,"date":"2019-08-19T09:55:13","date_gmt":"2019-08-19T09:55:13","guid":{"rendered":"http:\/\/nolemont.com\/?page_id=3"},"modified":"2019-10-15T10:07:03","modified_gmt":"2019-10-15T08:07:03","slug":"privacy-policy","status":"publish","type":"page","link":"https:\/\/nolemont.com\/de\/datenschutzerklarung\/","title":{"rendered":"Datenschutzerkl\u00e4rung"},"content":{"rendered":"<p><span class=\"tlid-translation translation\" lang=\"de\"><span class=\"\" title=\"\">Dieser Abschnitt wird gerade gewartet.<\/span> <span title=\"\">Bitte komme sp\u00e4ter zur\u00fcck.<\/span> <span title=\"\">Vielen Dank f\u00fcr Ihre Geduld.<\/span><\/span><\/p>","protected":false},"excerpt":{"rendered":"<p>Dieser Abschnitt wird gerade gewartet. Bitte komme sp\u00e4ter zur\u00fcck. Vielen Dank f\u00fcr Ihre Geduld.<\/p>\n","protected":false},"author":1,"featured_media":0,"parent":0,"menu_order":0,"comment_status":"closed","ping_status":"open","template":"","meta":{"_monsterinsights_skip_tracking":false,"_monsterinsights_sitenote_active":false,"_monsterinsights_sitenote_note":"","_monsterinsights_sitenote_category":0,"footnotes":""},"_links":{"self":[{"href":"https:\/\/nolemont.com\/de\/wp-json\/wp\/v2\/pages\/3"}],"collection":[{"href":"https:\/\/nolemont.com\/de\/wp-json\/wp\/v2\/pages"}],"about":[{"href":"https:\/\/nolemont.com\/de\/wp-json\/wp\/v2\/types\/page"}],"author":[{"embeddable":true,"href":"https:\/\/nolemont.com\/de\/wp-json\/wp\/v2\/users\/1"}],"replies":[{"embeddable":true,"href":"https:\/\/nolemont.com\/de\/wp-json\/wp\/v2\/comments?post=3"}],"version-history":[{"count":6,"href":"https:\/\/nolemont.com\/de\/wp-json\/wp\/v2\/pages\/3\/revisions"}],"predecessor-version":[{"id":525,"href":"https:\/\/nolemont.com\/de\/wp-json\/wp\/v2\/pages\/3\/revisions\/525"}],"wp:attachment":[{"href":"https:\/\/nolemont.com\/de\/wp-json\/wp\/v2\/media?parent=3"}],"curies":[{"name":"wp","href":"https:\/\/api.w.org\/{rel}","templated":true}]}}