{"id":256,"date":"2019-10-09T11:52:34","date_gmt":"2019-10-09T09:52:34","guid":{"rendered":"http:\/\/nolemont.com\/?page_id=256"},"modified":"2021-05-16T16:46:47","modified_gmt":"2021-05-16T14:46:47","slug":"partneri","status":"publish","type":"page","link":"https:\/\/nolemont.com\/de\/partner\/","title":{"rendered":"Partner"},"content":{"rendered":"<p><\/p>\n<p style=\"text-align: justify;\">Dank der langj\u00e4hrigen erfolgreichen Gesch\u00e4ftst\u00e4tigkeit auf dem Binnen- und Au\u00dfenmarkt hat unsere Gesellschaft zuverl\u00e4ssige Partner gewonnen, mit denen sie die Gesch\u00e4ftszusammenarbeit auch weiter entwickelt und erweitert.<\/p>\n<p><!--schoefmann--><\/p>\n<div class=\"boxPartner row\">\n<div class=\"boxPartnerText col-xs-12 col-md-7 col-lg-7\">\n<h2><a href=\"http:\/\/www.elektro-schoeffmann.de\" target=\"_blank\" rel=\"noopener noreferrer\">ElektroSch\u00f6ffmann<\/a><\/h2>\n<p>Gegr\u00fcndet 1947 von Hans Sch\u00f6ffmann. Die Gesellschaft wuchs von einem Besch\u00e4ftigten bis zu einem der f\u00fchrenden Leistungsgeber im innovativen Bau, IT und in den Kommunikationstechnologien im Oberbayern.<\/p>\n<\/div>\n<div class=\"boxPartnerImg col-xs-12 col-md-5 col-lg-5\"><a href=\"http:\/\/www.elektro-schoeffmann.de\" target=\"_blank\" rel=\"noopener noreferrer\"><img decoding=\"async\" src=\"http:\/\/nolemont.com\/wp-content\/uploads\/2019\/10\/nole-mont-elektroschoefmann-logo.jpg\" alt=\"PartnerLogo\" \/><\/a><\/div>\n<div class=\"btnReadmore col-xs-12 col-md-12 col-lg-12\"><a href=\"http:\/\/www.elektro-schoeffmann.de\" target=\"_blank\" rel=\"noopener noreferrer\">Website<\/a><\/div>\n<\/div>\n<div class=\"row\" style=\"width: 100%; position: relative; height: 10px; background: transparent;\"><\/div>\n<p><!--Kuhn Elektro Technik Gmbh--><\/p>\n<div class=\"boxPartner row\">\n<div class=\"boxPartnerText col-xs-12 col-md-7 col-lg-7\">\n<h2><a href=\"http:\/\/www.kuhn-elektro.de\/\" target=\"_blank\" rel=\"noopener noreferrer\">Kuhn Elektro-Technik GmbH<\/a><\/h2>\n<p>1988 gr\u00fcndete Herbert K\u00fchn die Firma Kuhn Elektro-Technik GmbH und f\u00fchrte damit die Tradition des renommierten Schwabinger Betriebs Wilhelm Schuster fort. Das Unternehmen steht seither f\u00fcr solide und hochwertige Handwerksarbeit sowie f\u00fcr eine pers\u00f6nliche und individuelle Beratung jedes einzelnen Kunden, verbunden mit dem Ziel einer zuverl\u00e4ssigen und langfristigen Zusammenarbeit.<\/p>\n<\/div>\n<div class=\"boxPartnerImg col-xs-12 col-md-5 col-lg-5\"><a href=\"http:\/\/www.kuhn-elektro.de\/\" target=\"_blank\" rel=\"noopener noreferrer\"><img decoding=\"async\" src=\"http:\/\/nolemont.com\/wp-content\/uploads\/2019\/10\/nole-mont-kuhn-elektro-technik-logo.jpg\" alt=\"PartnerLogo\" \/><\/a><\/div>\n<div class=\"btnReadmore col-xs-12 col-md-12 col-lg-12\"><a href=\"http:\/\/www.kuhn-elektro.de\/\" target=\"_blank\" rel=\"noopener noreferrer\">Website<\/a><\/div>\n<\/div>\n<div class=\"row\" style=\"width: 100%; position: relative; height: 10px; background: transparent;\"><\/div>\n<p><!--termoinzenjering--><\/p>\n<div class=\"boxPartner row\">\n<div class=\"boxPartnerText col-xs-12 col-md-7 col-lg-7\">\n<h2><a href=\"http:\/\/www.termoinzenjering.com\/\" target=\"_blank\" rel=\"noopener noreferrer\">Termoin\u017eenjering<\/a><\/h2>\n<p>Termoin\u017eenjering, gegr\u00fcndet 1985 in Belgrad ist eines der \u00e4ltesten Privatunternehmen in Serbien und gilt als Leader Im Bereich spezialisierter KGH, Elektroinstallationen und Installationen der automatischen Steuerung und CSNU.<\/p>\n<\/div>\n<div class=\"boxPartnerImg col-xs-12 col-md-5 col-lg-5\"><a href=\"http:\/\/www.termoinzenjering.com\/\" target=\"_blank\" rel=\"noopener noreferrer\"><img decoding=\"async\" src=\"http:\/\/nolemont.com\/wp-content\/uploads\/2019\/10\/nole-mont-termoinzenjering-logo.jpg\" alt=\"PartnerLogo\" \/><\/a><\/div>\n<div class=\"btnReadmore col-xs-12 col-md-12 col-lg-12\"><a href=\"http:\/\/www.termoinzenjering.com\/\" target=\"_blank\" rel=\"noopener noreferrer\">Website<\/a><\/div>\n<\/div>\n<div class=\"row\" style=\"width: 100%; position: relative; height: 10px; background: transparent;\"><\/div>\n<p><!--Heldele--><\/p>\n<div class=\"boxPartner row\">\n<div class=\"boxPartnerText col-xs-12 col-md-7 col-lg-7\">\n<h2><a href=\"https:\/\/www.heldele.de\/\" target=\"_blank\" rel=\"noopener noreferrer\">Heldele<\/a><\/h2>\n<p>Heldele GmbH ist ein mittelst\u00e4ndisches Unternehmen mit 500 Mitarbeitern und steht f\u00fcr modernste L\u00f6sungen in der Geb\u00e4ude\u00adtechnik, IT &amp; Kommu\u00adnikation sowie Automation &amp; Verfahrenstechnik.<\/p>\n<\/div>\n<div class=\"boxPartnerImg col-xs-12 col-md-5 col-lg-5\"><a href=\"https:\/\/www.heldele.de\/\" target=\"_blank\" rel=\"noopener noreferrer\"><img decoding=\"async\" src=\"http:\/\/nolemont.com\/wp-content\/uploads\/2019\/10\/nole-mont-heldele-logo.jpg\" alt=\"PartnerLogo\" \/><\/a><\/div>\n<div class=\"btnReadmore col-xs-12 col-md-12 col-lg-12\"><a href=\"https:\/\/www.heldele.de\/\" target=\"_blank\" rel=\"noopener noreferrer\">Website<\/a><\/div>\n<\/div>\n<div class=\"row\" style=\"width: 100%; position: relative; height: 10px; background: transparent;\"><\/div>\n<p><!--Kuhn--><\/p>\n<div class=\"boxPartner row\">\n<div class=\"boxPartnerText col-xs-12 col-md-7 col-lg-7\">\n<h2><a href=\"http:\/\/strabag.de\">Strabag SE<\/a><\/h2>\n<p>STRABAG SE ist ein in Europa ans\u00e4ssiges Technologieunternehmen, das sich auf Bauleistungen und Innovationen konzentriert. Es erbringt Dienstleistungen in allen Bereichen der Bauindustrie und deckt die gesamte Wertsch\u00f6pfungskette des Bauwesens ab. Das Unternehmen ist seit fast einem Jahrhundert erfolgreich und f\u00fchrend in der deutschen Verkehrsinfrastruktur.<\/p>\n<\/div>\n<div class=\"boxPartnerImg col-xs-12 col-md-5 col-lg-5\"><a href=\"http:\/\/strabag.de\" target=\"_blank\" rel=\"noopener noreferrer\"><img decoding=\"async\" src=\"https:\/\/nolemont.com\/wp-content\/uploads\/2021\/05\/210516-NM-partneri-strabag-logo.jpg\" alt=\"PartnerLogo\" \/><\/a><\/div>\n<div class=\"btnReadmore col-xs-12 col-md-12 col-lg-12\"><a href=\"http:\/\/strabag.de\" target=\"_blank\" rel=\"noopener noreferrer\">Vebsajt<\/a><\/div>\n<\/div>\n<div class=\"row\" style=\"width: 100%; position: relative; height: 10px; background: transparent;\"><\/div>\n<p><\/p>","protected":false},"excerpt":{"rendered":"<p>Dank der langj\u00e4hrigen erfolgreichen Gesch\u00e4ftst\u00e4tigkeit auf dem Binnen- und Au\u00dfenmarkt hat unsere Gesellschaft zuverl\u00e4ssige Partner gewonnen, mit denen sie die Gesch\u00e4ftszusammenarbeit auch weiter entwickelt und erweitert. ElektroSch\u00f6ffmann Gegr\u00fcndet 1947 von Hans Sch\u00f6ffmann. Die Gesellschaft wuchs von einem Besch\u00e4ftigten bis zu einem der f\u00fchrenden Leistungsgeber im innovativen Bau, IT und in den Kommunikationstechnologien im Oberbayern. Website [&hellip;]<\/p>\n","protected":false},"author":1,"featured_media":0,"parent":0,"menu_order":0,"comment_status":"closed","ping_status":"closed","template":"","meta":{"_monsterinsights_skip_tracking":false,"_monsterinsights_sitenote_active":false,"_monsterinsights_sitenote_note":"","_monsterinsights_sitenote_category":0,"footnotes":""},"_links":{"self":[{"href":"https:\/\/nolemont.com\/de\/wp-json\/wp\/v2\/pages\/256"}],"collection":[{"href":"https:\/\/nolemont.com\/de\/wp-json\/wp\/v2\/pages"}],"about":[{"href":"https:\/\/nolemont.com\/de\/wp-json\/wp\/v2\/types\/page"}],"author":[{"embeddable":true,"href":"https:\/\/nolemont.com\/de\/wp-json\/wp\/v2\/users\/1"}],"replies":[{"embeddable":true,"href":"https:\/\/nolemont.com\/de\/wp-json\/wp\/v2\/comments?post=256"}],"version-history":[{"count":21,"href":"https:\/\/nolemont.com\/de\/wp-json\/wp\/v2\/pages\/256\/revisions"}],"predecessor-version":[{"id":1158,"href":"https:\/\/nolemont.com\/de\/wp-json\/wp\/v2\/pages\/256\/revisions\/1158"}],"wp:attachment":[{"href":"https:\/\/nolemont.com\/de\/wp-json\/wp\/v2\/media?parent=256"}],"curies":[{"name":"wp","href":"https:\/\/api.w.org\/{rel}","templated":true}]}}