{"id":250,"date":"2019-10-09T11:42:15","date_gmt":"2019-10-09T09:42:15","guid":{"rendered":"http:\/\/nolemont.com\/?page_id=250"},"modified":"2023-12-11T15:22:30","modified_gmt":"2023-12-11T13:22:30","slug":"reference-nemacka","status":"publish","type":"page","link":"https:\/\/nolemont.com\/de\/reference\/referenzen-in-deutschland\/","title":{"rendered":"Referenzen &#8211; Deutschland"},"content":{"rendered":"<p>Im Laufe unserer mehr als 30 Jahre langen Gesch\u00e4ftst\u00e4tigkeit haben wir eine Vielzahl von Kunden auf dem Binnen- und Au\u00dfenmarkt gewonnen und haben sie zu ihrer vollsten Zufriedenheit betreuen k\u00f6nnen. Zu unseren Kunden geh\u00f6ren unter anderen auch:<\/p>\n<div class=\"tg-wrap\">\n<table id=\"tablepress-2\" class=\"tablepress tablepress-id-2 tblNMRef\">\n<thead>\n<tr class=\"row-1\">\n\t<th class=\"column-1\"><strong>Geb\u00e4ude<\/strong><\/th><th class=\"column-2\"><strong>Ort<\/strong><\/th>\n<\/tr>\n<\/thead>\n<tbody class=\"row-striping row-hover\">\n<tr class=\"row-2\">\n\t<td class=\"column-1\">Bosch<\/td><td class=\"column-2\">T\u00fcbingerstra\u00dfe 123, 72762 Reutlingen<\/td>\n<\/tr>\n<tr class=\"row-3\">\n\t<td class=\"column-1\">Flughafen M\u00fcnchen T1 Erweiterung<\/td><td class=\"column-2\">Nordallee 25, 85356 M\u00fcnchen-Flughafen<\/td>\n<\/tr>\n<tr class=\"row-4\">\n\t<td class=\"column-1\">Rohde und Schwarz Messger\u00e4tebau GmbH<\/td><td class=\"column-2\">Rohde und Schwarz Stra\u00dfe 1, 87700 Memmingen<\/td>\n<\/tr>\n<tr class=\"row-5\">\n\t<td class=\"column-1\">Mieterausbau<\/td><td class=\"column-2\">Infanteriestra\u00dfe 11 a, 80797 M\u00fcnchen<\/td>\n<\/tr>\n<tr class=\"row-6\">\n\t<td class=\"column-1\">Universit\u00e4t Augsburg mit Lehrgeb\u00e4ude und Dekanat der Med. Fakult\u00e4t<\/td><td class=\"column-2\">Medizincampus, 86156 Augsburg<\/td>\n<\/tr>\n<tr class=\"row-7\">\n\t<td class=\"column-1\">Neubau GS.MS.HFK<\/td><td class=\"column-2\">Strehleranger 4-6, 81735 M\u00fcnchen<\/td>\n<\/tr>\n<tr class=\"row-8\">\n\t<td class=\"column-1\">Neubau B\u00fcro Produktionshalle, BEOS<\/td><td class=\"column-2\">Zeppelinstra\u00dfe 22, 85748 Garching<\/td>\n<\/tr>\n<tr class=\"row-9\">\n\t<td class=\"column-1\">Los 1 und Los 2, SWM<\/td><td class=\"column-2\">Emmy-Noether-Str. 2, 80992 M\u00fcnchen<\/td>\n<\/tr>\n<tr class=\"row-10\">\n\t<td class=\"column-1\">Schulcampus Aschheim, Am Schulcampus 2 - 8<\/td><td class=\"column-2\">Eichendorffstra\u00dfe 14, 85609 Aschheim<\/td>\n<\/tr>\n<tr class=\"row-11\">\n\t<td class=\"column-1\">Stadtwerke Penzberg<\/td><td class=\"column-2\">Am Alten Kraftwerk 5, 82377 Penzberg<\/td>\n<\/tr>\n<tr class=\"row-12\">\n\t<td class=\"column-1\">Oskar-von-Miller-Gymnasium<\/td><td class=\"column-2\">Karl-Theodor-Str. 9, 80803 M\u00fcnchen<\/td>\n<\/tr>\n<tr class=\"row-13\">\n\t<td class=\"column-1\">Lumen-Sonnenstra\u00dfe 23<\/td><td class=\"column-2\">Herzog-Wilhelm-Str. 20, 80331 M\u00fcnchen<\/td>\n<\/tr>\n<tr class=\"row-14\">\n\t<td class=\"column-1\">Neubau der Beruflichen Schule - BSCW<\/td><td class=\"column-2\">Carl-Wery-Str. 41, 81545 M\u00fcnchen<\/td>\n<\/tr>\n<tr class=\"row-15\">\n\t<td class=\"column-1\">Augustiner Brauerei<\/td><td class=\"column-2\">Ludwig-Schmid-Str. 9, 81249 M\u00fcnchen<\/td>\n<\/tr>\n<tr class=\"row-16\">\n\t<td class=\"column-1\">Strafjustizzentrum M\u00fcnchen<\/td><td class=\"column-2\">Leonrodplatz, 80636 M\u00fcnchen<\/td>\n<\/tr>\n<tr class=\"row-17\">\n\t<td class=\"column-1\">IABG Ottobrunn<\/td><td class=\"column-2\">Einsteinstra\u00dfe 20, 85521 Ottobrunn<\/td>\n<\/tr>\n<tr class=\"row-18\">\n\t<td class=\"column-1\">Klinikum Harlaching<\/td><td class=\"column-2\">Sanatoriumsplatz 2, 81545 M\u00fcnchen<\/td>\n<\/tr>\n<tr class=\"row-19\">\n\t<td class=\"column-1\">Bildungscampus M\u00fcnchen-Riem<\/td><td class=\"column-2\">Joseph-Wild-Stra\u00dfe Ecke Paul-Wassermann-Stra\u00dfe, 81829 M\u00fcnchen<\/td>\n<\/tr>\n<tr class=\"row-20\">\n\t<td class=\"column-1\">Hotel Geb\u00e4ude D10 <\/td><td class=\"column-2\">85748 Garching bei M\u00fcnchen<\/td>\n<\/tr>\n<tr class=\"row-21\">\n\t<td class=\"column-1\">NB Grundschule Senftenauer<\/td><td class=\"column-2\">Senftenauerstr.21, 80689 M\u00fcnchen<\/td>\n<\/tr>\n<tr class=\"row-22\">\n\t<td class=\"column-1\">Hotel K\u00f6nigshof<\/td><td class=\"column-2\">Karlsplatz 25, 80335 M\u00fcnchen<\/td>\n<\/tr>\n<tr class=\"row-23\">\n\t<td class=\"column-1\">iCampus Werksviertel Projekt Rhenania<\/td><td class=\"column-2\">Friedenstra\u00dfe 22, 81671 M\u00fcnchen<\/td>\n<\/tr>\n<tr class=\"row-24\">\n\t<td class=\"column-1\">Triebwerk, Werkhalle 3<\/td><td class=\"column-2\">Bertha-Kipflm\u00fcller-Str. 2, 4, 6, 8, 81249 M\u00fcnchen<\/td>\n<\/tr>\n<tr class=\"row-25\">\n\t<td class=\"column-1\">Universit\u00e4t Augsburg<\/td><td class=\"column-2\">Am Medizincampus ( Flurst\u00fcck 469\/3) 86156 Augsburg<\/td>\n<\/tr>\n<tr class=\"row-26\">\n\t<td class=\"column-1\">BEOS Neubau B\u00fcro Produktionshalle<\/td><td class=\"column-2\">Zeppelinstra\u00dfe 22, 85748 Garching<\/td>\n<\/tr>\n<tr class=\"row-27\">\n\t<td class=\"column-1\">UTE Wohnungsbau<\/td><td class=\"column-2\">Ute-Schrittmatter-Stra\u00dfe, 81249 M\u00fcnchen-Freiham<\/td>\n<\/tr>\n<tr class=\"row-28\">\n\t<td class=\"column-1\">Schleifring Neubau Lager und Produktion<\/td><td class=\"column-2\"> Leonhard-Kluftinger-Stra\u00dfe 1, 87600 Kaufbeuren<\/td>\n<\/tr>\n<tr class=\"row-29\">\n\t<td class=\"column-1\">Schulzentrum Markt Schwaben; Grund und Mittelschule<\/td><td class=\"column-2\">Habererweg 10 und 12, 85570 Markt Schwaben<\/td>\n<\/tr>\n<tr class=\"row-30\">\n\t<td class=\"column-1\">Studentenapartments<\/td><td class=\"column-2\">Landsberger Stra\u00df, M\u00fcnchen<\/td>\n<\/tr>\n<tr class=\"row-31\">\n\t<td class=\"column-1\">Jaguar Land Rover<\/td><td class=\"column-2\">Drygalski-Allee 37, 81477 M\u00fcnchen<\/td>\n<\/tr>\n<tr class=\"row-32\">\n\t<td class=\"column-1\">Aigner Haupteverwaltung<\/td><td class=\"column-2\">Zielstattstra\u00dfe 27, 81379 M\u00fcnchen<\/td>\n<\/tr>\n<tr class=\"row-33\">\n\t<td class=\"column-1\">Messe Frankfurt<\/td><td class=\"column-2\">Neubau Messhalle 12, Tor West a Stra\u00dfe der Nationen, 60326 Frankfurt am Main<\/td>\n<\/tr>\n<tr class=\"row-34\">\n\t<td class=\"column-1\">\u201eAttocube systems AG\u201c \u2013 Grudst\u00fcck<\/td><td class=\"column-2\">Eglfinger Weg 2, 85540 Haar<\/td>\n<\/tr>\n<tr class=\"row-35\">\n\t<td class=\"column-1\">Benedictus KH Feldafing GmbH &amp; Co.KG<\/td><td class=\"column-2\">Siemensstra\u00dfe, 82340 Feldafing<\/td>\n<\/tr>\n<tr class=\"row-36\">\n\t<td class=\"column-1\">Neubauten f\u00fcr die tier\u00e4rztliche Fakult\u00e4t in Oberschlei\u00dfheim , Neubau Pferdeklinik mit Energiezentrale und Erschlie\u00dfung Campus<\/td><td class=\"column-2\">Sonnenstra\u00dfe 16, 85764 Oberschlei\u00dfheim<\/td>\n<\/tr>\n<tr class=\"row-37\">\n\t<td class=\"column-1\">Bayerische Landesbank (Bayern LB)<\/td><td class=\"column-2\">Brienner Stra\u00dfe 18-24, 80333 M\u00fcnchen<\/td>\n<\/tr>\n<tr class=\"row-38\">\n\t<td class=\"column-1\">Plaza M\u00fcnchen<\/td><td class=\"column-2\">Grafinger Stra\u00dfe 29, 81671 M\u00fcnchen<\/td>\n<\/tr>\n<tr class=\"row-39\">\n\t<td class=\"column-1\">Business Campus M\u00fcnchen<\/td><td class=\"column-2\">Parkring 33, 85748 Garching<\/td>\n<\/tr>\n<tr class=\"row-40\">\n\t<td class=\"column-1\">Rohde &amp; Schwarz<\/td><td class=\"column-2\">Tassiloplatz 7, 81541 M\u00fcnchen<\/td>\n<\/tr>\n<tr class=\"row-41\">\n\t<td class=\"column-1\">Klinikum Sana GesundheitsCampus Sendling<\/td><td class=\"column-2\">Plinganserstra\u00dfe 122, 81369 M\u00fcnchen<\/td>\n<\/tr>\n<tr class=\"row-42\">\n\t<td class=\"column-1\">Roche Mannheim Projekt MP2L<\/td><td class=\"column-2\">Sandhoferstrasse 116, 68305 Mannheim<\/td>\n<\/tr>\n<tr class=\"row-43\">\n\t<td class=\"column-1\">Roche Diagnostic GmbH Werk Penzberg<\/td><td class=\"column-2\">Nonnenwald 2, 82377 Penzberg<\/td>\n<\/tr>\n<tr class=\"row-44\">\n\t<td class=\"column-1\">Werk 3 mit Tiefgarage Modernisierung Aufstockung Teilneubau<\/td><td class=\"column-2\">Grafinger Str. 2, 81671 M\u00fcnchen<\/td>\n<\/tr>\n<tr class=\"row-45\">\n\t<td class=\"column-1\">John Deere-Lanz<\/td><td class=\"column-2\">Industriestra\u00dfe 27, Neubau Schwei\u00dferei 76646 Bruchsal<\/td>\n<\/tr>\n<tr class=\"row-46\">\n\t<td class=\"column-1\">Forschungs und Innovationszentrums in Garching Freisinger<\/td><td class=\"column-2\">Landstra\u00dfe 50, 85748 Garching<\/td>\n<\/tr>\n<tr class=\"row-47\">\n\t<td class=\"column-1\">Klinikum Augsburg-Hubschrauberlandeplatz<\/td><td class=\"column-2\">Stenglinstr. 2, 86156 Augsburg<\/td>\n<\/tr>\n<tr class=\"row-48\">\n\t<td class=\"column-1\">Huawei Produktion Building<\/td><td class=\"column-2\">Baupase 2. Leprosenweg 6, 82362 Weilheim<\/td>\n<\/tr>\n<tr class=\"row-49\">\n\t<td class=\"column-1\">Wohnpark Geisenhofer<\/td><td class=\"column-2\">M\u00fcnchener Str. 41, 82362 Weilheim<\/td>\n<\/tr>\n<tr class=\"row-50\">\n\t<td class=\"column-1\">Montessorl-Schule<\/td><td class=\"column-2\">Penzberg Am alten Bahnhof 1, 82377 Penzberg<\/td>\n<\/tr>\n<tr class=\"row-51\">\n\t<td class=\"column-1\">Klinikum Augsburg<\/td><td class=\"column-2\">Stenglinstr. 2, 86156 Augsburg<\/td>\n<\/tr>\n<tr class=\"row-52\">\n\t<td class=\"column-1\">Neubau Hocntaunuskliniken Bad Homburg Bauteile A B D E G H und M<\/td><td class=\"column-2\">Zeppelinstr. 20, 61348 Bad Homburg<\/td>\n<\/tr>\n<tr class=\"row-53\">\n\t<td class=\"column-1\">Rohde &amp; Schwarz \u201eM\u00dc 15\u201c<\/td><td class=\"column-2\">M\u00fchldorfstr. 15, 81671 M\u00fcnchen<\/td>\n<\/tr>\n<tr class=\"row-54\">\n\t<td class=\"column-1\">IKEA Einrichtungshaus<\/td><td class=\"column-2\">Brunnthaler Str. 1, 82024 Taufkirchen<\/td>\n<\/tr>\n<tr class=\"row-55\">\n\t<td class=\"column-1\">Wohnanlage mit Tiefgarage Markt- Gruber<\/td><td class=\"column-2\">Firedenstra\u00dfe, 85586 Poing<\/td>\n<\/tr>\n<tr class=\"row-56\">\n\t<td class=\"column-1\">AOK-Die Gesundheitskasse<\/td><td class=\"column-2\">Waisenhausstr. 3, 82362 Weilheim<\/td>\n<\/tr>\n<tr class=\"row-57\">\n\t<td class=\"column-1\">Mehrfamilienhaus mit Tiefgarage<\/td><td class=\"column-2\">Eisenkramergasse 82362 Weilheim<\/td>\n<\/tr>\n<tr class=\"row-58\">\n\t<td class=\"column-1\">Neubau Hochhaus \u201eSternenhimmel\u201c Wohnturm Solit\u00e4r I<\/td><td class=\"column-2\">Siemensallee\/Ecke ehemalige Koppstra\u00dfe M\u00fcnchen<\/td>\n<\/tr>\n<tr class=\"row-59\">\n\t<td class=\"column-1\">E-shelter colocation Datacenter Ffm 3<\/td><td class=\"column-2\">Karl-Landsteiner-Ring 4, 65428 R\u00fcsselsheim<\/td>\n<\/tr>\n<tr class=\"row-60\">\n\t<td class=\"column-1\">IKEA Einrichtungshaus<\/td><td class=\"column-2\">Brunnthaler Str. 1, 82024 Taufkirchen<\/td>\n<\/tr>\n<tr class=\"row-61\">\n\t<td class=\"column-1\">EDEKEA Logistikzentrum Landsberg am Lech<\/td><td class=\"column-2\">Franz-Kollmann-Str. 2, 86899 Landsberg am Leach<\/td>\n<\/tr>\n<tr class=\"row-62\">\n\t<td class=\"column-1\">Kankenhaus Schongau<\/td><td class=\"column-2\">Marie-Eberth-Str. 6, 86956 Schongau<\/td>\n<\/tr>\n<tr class=\"row-63\">\n\t<td class=\"column-1\">Dunlopillo<\/td><td class=\"column-2\">Brentanostr. 7-8, 63755 Alzenau<\/td>\n<\/tr>\n<tr class=\"row-64\">\n\t<td class=\"column-1\">Fraport Terminal A-Plus Flughafen Frankfurt am Main Airporting Terminal 1<\/td><td class=\"column-2\">60549 Frankfurt am Main<\/td>\n<\/tr>\n<tr class=\"row-65\">\n\t<td class=\"column-1\">Umbau B\u00fcrogeb\u00e4ude<\/td><td class=\"column-2\">Elsenheimerstr 35, 80687 M\u00fcnchen<\/td>\n<\/tr>\n<tr class=\"row-66\">\n\t<td class=\"column-1\">Regionalni centar \u201eSt. Anna\u201c<\/td><td class=\"column-2\">Waisenhausste. 1, 82362 Weilheim<\/td>\n<\/tr>\n<tr class=\"row-67\">\n\t<td class=\"column-1\">Kaufland ULM<\/td><td class=\"column-2\">Heinrich Hammerstr., 89155 Erbah<\/td>\n<\/tr>\n<tr class=\"row-68\">\n\t<td class=\"column-1\">Campus Westend<\/td><td class=\"column-2\">L\u00fcbecker Stra\u00dfe 3, 60323 Frankfurt am Main<\/td>\n<\/tr>\n<tr class=\"row-69\">\n\t<td class=\"column-1\">Neubau TO2 Audi Werksgelande<\/td><td class=\"column-2\">85055 Ingolstadt<\/td>\n<\/tr>\n<tr class=\"row-70\">\n\t<td class=\"column-1\">Chirurgische Uniklinik<\/td><td class=\"column-2\">Albert-Einstein-Allee 15, 89081 Ulm-Eselsberg<\/td>\n<\/tr>\n<tr class=\"row-71\">\n\t<td class=\"column-1\">Deutsche Bank<\/td><td class=\"column-2\">Taunusanlage 12, 60325 Frankfurt am Main<\/td>\n<\/tr>\n<tr class=\"row-72\">\n\t<td class=\"column-1\">Airrail Center Franfurt am Main Zugang \u00fcber Flughafen Terminal 1<\/td><td class=\"column-2\">60549 Frankfurt am Main<\/td>\n<\/tr>\n<tr class=\"row-73\">\n\t<td class=\"column-1\">Medizinisches Versorgungsezentrum Landshut<\/td><td class=\"column-2\">Kaiserstra\u00dfe 171, 60849 Landshut<\/td>\n<\/tr>\n<tr class=\"row-74\">\n\t<td class=\"column-1\">Logistik-Lagerhalle Sembach<\/td><td class=\"column-2\">Ross-Stra\u00dfe 6, 67681 Sembach<\/td>\n<\/tr>\n<tr class=\"row-75\">\n\t<td class=\"column-1\">Fabrik der Solarzellen<\/td><td class=\"column-2\">W\u00fcrth in Schw\u00e4bisch Hall<\/td>\n<\/tr>\n<tr class=\"row-76\">\n\t<td class=\"column-1\">Gesch\u00e4ftsobjekte MK- 6 i MTZ und anderen Bauwerken<\/td><td class=\"column-2\">M\u00fcnchen<\/td>\n<\/tr>\n<tr class=\"row-77\">\n\t<td class=\"column-1\">Kreditanstalt f\u00fcr Wiederaufbau<\/td><td class=\"column-2\">Frankfurt am Main<\/td>\n<\/tr>\n<tr class=\"row-78\">\n\t<td class=\"column-1\">Flughafen<\/td><td class=\"column-2\">Frankfurt am Main<\/td>\n<\/tr>\n<tr class=\"row-79\">\n\t<td class=\"column-1\">Neue Messe<\/td><td class=\"column-2\">Stuttgart<\/td>\n<\/tr>\n<tr class=\"row-80\">\n\t<td class=\"column-1\">Stadion \u201eAllianz Arena\u201c<\/td><td class=\"column-2\">M\u00fcnchen<\/td>\n<\/tr>\n<tr class=\"row-81\">\n\t<td class=\"column-1\">Fabrik der elektronischen Chips Infineon \u2013 Siemens<\/td><td class=\"column-2\">M\u00fcnchen<\/td>\n<\/tr>\n<tr class=\"row-82\">\n\t<td class=\"column-1\">Autofabrik BMW<\/td><td class=\"column-2\">M\u00fcnchen i Regensburg<\/td>\n<\/tr>\n<tr class=\"row-83\">\n\t<td class=\"column-1\">Autofabrik AUDI AG \u2013 Ingolstadt<\/td><td class=\"column-2\">Ingolstadt<\/td>\n<\/tr>\n<tr class=\"row-84\">\n\t<td class=\"column-1\">Europ\u00e4ische Schule M\u00fcnchen<\/td><td class=\"column-2\">Perlacher Forst Bebauungsplan Nr.2037, 81736 M\u00fcnchen<\/td>\n<\/tr>\n<tr class=\"row-85\">\n\t<td class=\"column-1\">OTEC Werk 7<\/td><td class=\"column-2\">Schwemmkanal 6, 81671 M\u00fcnchen<\/td>\n<\/tr>\n<tr class=\"row-86\">\n\t<td class=\"column-1\">15\/0269 Mehrzweckgeb\u00e4ude D50-Mieterausbau, Business Campus<\/td><td class=\"column-2\">M\u00fcnchen, 85748 Garching<\/td>\n<\/tr>\n<tr class=\"row-87\">\n\t<td class=\"column-1\">ABDSB Neubau VBZ, Autobahndirektion S\u00fcdbayern<\/td><td class=\"column-2\">Heidemannstra\u00dfe 219, 80939<\/td>\n<\/tr>\n<tr class=\"row-88\">\n\t<td class=\"column-1\">APH Mittenwald<\/td><td class=\"column-2\">Isarauenstra\u03b2e 17, 82481 Mittenwald<\/td>\n<\/tr>\n<tr class=\"row-89\">\n\t<td class=\"column-1\">Pater-Rupert-Mayer, Grundschule mit KiTa<\/td><td class=\"column-2\">Wolfratshauser Stra\u00dfe 30, 82049 Pullach<\/td>\n<\/tr>\n<tr class=\"row-90\">\n\t<td class=\"column-1\">Rohde &amp; Schwarz Terra II GmbH &amp; Co.KG, Technologiezentrum II<\/td><td class=\"column-2\">M\u00fchldorfstra\u00dfe 15, 81671 M\u00fcnchen<\/td>\n<\/tr>\n<tr class=\"row-91\">\n\t<td class=\"column-1\">Wort und Bild Verlag<\/td><td class=\"column-2\">Wolfratshauser Stra\u03b2e 11, Aussenanlagen, 82065 Baierbunn<\/td>\n<\/tr>\n<tr class=\"row-92\">\n\t<td class=\"column-1\">Neubau einer Grund-und Mittelschule, VE 403 \u2013 Elektroinstallation<\/td><td class=\"column-2\">LK Ebersberg, Vaterstetten<\/td>\n<\/tr>\n<tr class=\"row-93\">\n\t<td class=\"column-1\">\u00c4rztehause Weilheim<\/td><td class=\"column-2\">Johann-Baur-Stra\u00dfe 5, 82362 Weiheim<\/td>\n<\/tr>\n<tr class=\"row-94\">\n\t<td class=\"column-1\">Ortsmitte Martinsried<\/td><td class=\"column-2\">Fraunhoferstra\u00dfe 82152 Planegg<\/td>\n<\/tr>\n<tr class=\"row-95\">\n\t<td class=\"column-1\">Roche Mannheim Projekt MP2L<\/td><td class=\"column-2\">Sandhoferstrasse 116, 68305 Mannheim<\/td>\n<\/tr>\n<\/tbody>\n<\/table>\n<!-- #tablepress-2 from cache --><\/div>\n<p><\/p>","protected":false},"excerpt":{"rendered":"<p>Im Laufe unserer mehr als 30 Jahre langen Gesch\u00e4ftst\u00e4tigkeit haben wir eine Vielzahl von Kunden auf dem Binnen- und Au\u00dfenmarkt gewonnen und haben sie zu ihrer vollsten Zufriedenheit betreuen k\u00f6nnen. Zu unseren Kunden geh\u00f6ren unter anderen auch:<\/p>\n","protected":false},"author":1,"featured_media":0,"parent":50,"menu_order":0,"comment_status":"closed","ping_status":"closed","template":"","meta":{"_monsterinsights_skip_tracking":false,"_monsterinsights_sitenote_active":false,"_monsterinsights_sitenote_note":"","_monsterinsights_sitenote_category":0,"footnotes":""},"_links":{"self":[{"href":"https:\/\/nolemont.com\/de\/wp-json\/wp\/v2\/pages\/250"}],"collection":[{"href":"https:\/\/nolemont.com\/de\/wp-json\/wp\/v2\/pages"}],"about":[{"href":"https:\/\/nolemont.com\/de\/wp-json\/wp\/v2\/types\/page"}],"author":[{"embeddable":true,"href":"https:\/\/nolemont.com\/de\/wp-json\/wp\/v2\/users\/1"}],"replies":[{"embeddable":true,"href":"https:\/\/nolemont.com\/de\/wp-json\/wp\/v2\/comments?post=250"}],"version-history":[{"count":24,"href":"https:\/\/nolemont.com\/de\/wp-json\/wp\/v2\/pages\/250\/revisions"}],"predecessor-version":[{"id":1532,"href":"https:\/\/nolemont.com\/de\/wp-json\/wp\/v2\/pages\/250\/revisions\/1532"}],"up":[{"embeddable":true,"href":"https:\/\/nolemont.com\/de\/wp-json\/wp\/v2\/pages\/50"}],"wp:attachment":[{"href":"https:\/\/nolemont.com\/de\/wp-json\/wp\/v2\/media?parent=250"}],"curies":[{"name":"wp","href":"https:\/\/api.w.org\/{rel}","templated":true}]}}