{"id":248,"date":"2019-10-09T11:41:43","date_gmt":"2019-10-09T09:41:43","guid":{"rendered":"http:\/\/nolemont.com\/?page_id=248"},"modified":"2023-12-11T17:42:20","modified_gmt":"2023-12-11T15:42:20","slug":"reference-srbija","status":"publish","type":"page","link":"https:\/\/nolemont.com\/de\/reference\/referenzen-in-serbien\/","title":{"rendered":"Referenzen &#8211; Serbien"},"content":{"rendered":"<p><span class=\"HwtZe\" lang=\"de\"><span class=\"jCAhz ChMk0b\"><span class=\"ryNqvb\">Im Laufe der mehr als 30-j\u00e4hrigen T\u00e4tigkeit auf dem in- und ausl\u00e4ndischen Markt hat Nole Mont Ltd. eine gro\u00dfe Anzahl von Kunden und Referenzen gewonnen.<\/span><\/span> <span class=\"jCAhz ChMk0b\"><span class=\"ryNqvb\">Hier stellen wir einige bemerkenswerte die i<\/span><\/span><\/span>m Inland ausgef\u00fchrt wurden:<\/p>\n<div class=\"tg-wrap\">\n<table id=\"tablepress-5\" class=\"tablepress tablepress-id-5 tblNMRef\">\n<thead>\n<tr class=\"row-1\">\n\t<th class=\"column-1\"><strong>Geb\u00e4ude<\/strong><\/th><th class=\"column-2\"><strong>Ort<\/strong><\/th>\n<\/tr>\n<\/thead>\n<tbody class=\"row-striping row-hover\">\n<tr class=\"row-2\">\n\t<td class=\"column-1\">EXPO 2027<\/td><td class=\"column-2\">Belgrad<\/td>\n<\/tr>\n<tr class=\"row-3\">\n\t<td class=\"column-1\">Haitian<\/td><td class=\"column-2\">Ruma<\/td>\n<\/tr>\n<tr class=\"row-4\">\n\t<td class=\"column-1\">BW PLOT 16 Wohnkomplex<\/td><td class=\"column-2\">Belgrad<\/td>\n<\/tr>\n<tr class=\"row-5\">\n\t<td class=\"column-1\">ONE Wohnkomplex<\/td><td class=\"column-2\">Belgrad<\/td>\n<\/tr>\n<tr class=\"row-6\">\n\t<td class=\"column-1\"> MARINA Wohnkomplex<\/td><td class=\"column-2\">Belgrad<\/td>\n<\/tr>\n<tr class=\"row-7\">\n\t<td class=\"column-1\">Tabakindustrie \"Philip Morris\" elektrischer Antrieb<\/td><td class=\"column-2\">Ni\u0161<\/td>\n<\/tr>\n<tr class=\"row-8\">\n\t<td class=\"column-1\">HIP-Petrohemija d.o.o.<\/td><td class=\"column-2\">Pan\u010devo<\/td>\n<\/tr>\n<tr class=\"row-9\">\n\t<td class=\"column-1\">Linglong International Europe d.o.o.<\/td><td class=\"column-2\">Zrenjanin<\/td>\n<\/tr>\n<tr class=\"row-10\">\n\t<td class=\"column-1\">NESTLE ADRIATIC S<\/td><td class=\"column-2\">Belgrad<\/td>\n<\/tr>\n<tr class=\"row-11\">\n\t<td class=\"column-1\">MK \u2013 Kliniken AG<\/td><td class=\"column-2\">Pan\u010devo<\/td>\n<\/tr>\n<tr class=\"row-12\">\n\t<td class=\"column-1\">M\u00fcllverbrennungsanlage Vin\u010da<\/td><td class=\"column-2\">Belgrad<\/td>\n<\/tr>\n<tr class=\"row-13\">\n\t<td class=\"column-1\">EPIC GAMES NOVI SAD - 3LATERAL<\/td><td class=\"column-2\">Novi Sad<\/td>\n<\/tr>\n<tr class=\"row-14\">\n\t<td class=\"column-1\">NCR Corporation<\/td><td class=\"column-2\">Belgrad<\/td>\n<\/tr>\n<tr class=\"row-15\">\n\t<td class=\"column-1\">Wohnanlage \"Vo\u017edove kapije\"<\/td><td class=\"column-2\">Belgrad<\/td>\n<\/tr>\n<tr class=\"row-16\">\n\t<td class=\"column-1\">Bas Boysen Abgassysteme<\/td><td class=\"column-2\">Subotica<\/td>\n<\/tr>\n<tr class=\"row-17\">\n\t<td class=\"column-1\">Brose Serbia<\/td><td class=\"column-2\">Pan\u010devo<\/td>\n<\/tr>\n<tr class=\"row-18\">\n\t<td class=\"column-1\">Skyline<\/td><td class=\"column-2\">Belgrad<\/td>\n<\/tr>\n<tr class=\"row-19\">\n\t<td class=\"column-1\">Metalfer Stahlwerk<\/td><td class=\"column-2\">Sremska Mitrovica<\/td>\n<\/tr>\n<tr class=\"row-20\">\n\t<td class=\"column-1\">Central Point Hotel<\/td><td class=\"column-2\">Belgrad<\/td>\n<\/tr>\n<tr class=\"row-21\">\n\t<td class=\"column-1\">BGWF Galeria Shopping Mall<\/td><td class=\"column-2\">Belgrad<\/td>\n<\/tr>\n<tr class=\"row-22\">\n\t<td class=\"column-1\">Airport City<\/td><td class=\"column-2\">Belgrad<\/td>\n<\/tr>\n<tr class=\"row-23\">\n\t<td class=\"column-1\">Central Point Hotel<\/td><td class=\"column-2\">Belgrad<\/td>\n<\/tr>\n<tr class=\"row-24\">\n\t<td class=\"column-1\">AD Imlek<\/td><td class=\"column-2\">Belgrad<\/td>\n<\/tr>\n<tr class=\"row-25\">\n\t<td class=\"column-1\">Cooper Tire<\/td><td class=\"column-2\">Kru\u0161evac<\/td>\n<\/tr>\n<tr class=\"row-26\">\n\t<td class=\"column-1\">Kultur und Sporthaus<\/td><td class=\"column-2\">Obrenovac<\/td>\n<\/tr>\n<tr class=\"row-27\">\n\t<td class=\"column-1\">Elektromotorische Antriebe Elektrizit\u00e4tswirtschaft Serbiens<\/td><td class=\"column-2\">Belgrad, Stadtgemeinde Novi Beograd<\/td>\n<\/tr>\n<tr class=\"row-28\">\n\t<td class=\"column-1\">Fabrik f\u00fcr Babynahrung \u201eNelt\u201c<\/td><td class=\"column-2\">Belgrad, Dobanovci<\/td>\n<\/tr>\n<tr class=\"row-29\">\n\t<td class=\"column-1\">Hotel \u201eMarriot Courtyard\u201c<\/td><td class=\"column-2\">Belgrad<\/td>\n<\/tr>\n<tr class=\"row-30\">\n\t<td class=\"column-1\">Fabrik \u201eJokey\u201c<\/td><td class=\"column-2\">Stara Pazova<\/td>\n<\/tr>\n<tr class=\"row-31\">\n\t<td class=\"column-1\">Reifenwerk \u201eMitas\u201c<\/td><td class=\"column-2\">Ruma<\/td>\n<\/tr>\n<tr class=\"row-32\">\n\t<td class=\"column-1\">Nationalmuseum<\/td><td class=\"column-2\">Belgrad<\/td>\n<\/tr>\n<tr class=\"row-33\">\n\t<td class=\"column-1\">Justizpalast<\/td><td class=\"column-2\">Belgrad<\/td>\n<\/tr>\n<tr class=\"row-34\">\n\t<td class=\"column-1\">Walzwerk \u201eBela Valjara\u201c \u2013 Werk \u201eTigar\u201c AD<\/td><td class=\"column-2\">Pirot<\/td>\n<\/tr>\n<tr class=\"row-35\">\n\t<td class=\"column-1\">Pr\u00fcfstation \u201eFloyd\u201c \u2013 \u201eTigar Tyers\u201c<\/td><td class=\"column-2\">Pirot<\/td>\n<\/tr>\n<tr class=\"row-36\">\n\t<td class=\"column-1\">SCADA \u2013 System f\u00fcr Pumpstationen<\/td><td class=\"column-2\">Pirot<\/td>\n<\/tr>\n<tr class=\"row-37\">\n\t<td class=\"column-1\">SN 10KV Anlagenin Trafo Tigar2, Trafo Tigar3 und Trafo Tigar4 Industriekomplex \u201eTigar Tyres\u201c GmbH<\/td><td class=\"column-2\">Pirot<\/td>\n<\/tr>\n<tr class=\"row-38\">\n\t<td class=\"column-1\">Einkaufszentrum \u201ePlaza\u201c<\/td><td class=\"column-2\">Belgrad<\/td>\n<\/tr>\n<tr class=\"row-39\">\n\t<td class=\"column-1\">Fabrik \u201eSoko \u0160tark\u201c<\/td><td class=\"column-2\">Belgrad<\/td>\n<\/tr>\n<tr class=\"row-40\">\n\t<td class=\"column-1\">B\u00fcrogeb\u00e4ude \u201eTelenor\u201c<\/td><td class=\"column-2\">Belgrad, Airport City<\/td>\n<\/tr>\n<tr class=\"row-41\">\n\t<td class=\"column-1\">Siemens<\/td><td class=\"column-2\">Slobodna zona Subotica<\/td>\n<\/tr>\n<tr class=\"row-42\">\n\t<td class=\"column-1\">Continental, Contitech Fluid Serbia<\/td><td class=\"column-2\">Slobodna zona Subotica<\/td>\n<\/tr>\n<tr class=\"row-43\">\n\t<td class=\"column-1\">Herstellungsbetrieb f\u00fcr Tigar Tyers (Michelline)<\/td><td class=\"column-2\">Pirot<\/td>\n<\/tr>\n<tr class=\"row-44\">\n\t<td class=\"column-1\">Drogenfabrik PharmaSwiss<\/td><td class=\"column-2\">Belgrad, Stadtgemeinde Zemun<\/td>\n<\/tr>\n<tr class=\"row-45\">\n\t<td class=\"column-1\">\u00d6lraffinerie<\/td><td class=\"column-2\">Pan\u010devo<\/td>\n<\/tr>\n<tr class=\"row-46\">\n\t<td class=\"column-1\">Wohnbaustelle 4B,2DJ i 4DJ Kaserne \u201eStepa Stepanovi\u0107\u201c<\/td><td class=\"column-2\">Belgrad, Stadtgemeinde Vo\u017edovac<\/td>\n<\/tr>\n<tr class=\"row-47\">\n\t<td class=\"column-1\">Zentrum f\u00fcr Recycling<\/td><td class=\"column-2\">Belgrad, Stadtgemeinde \u017deleznik<\/td>\n<\/tr>\n<tr class=\"row-48\">\n\t<td class=\"column-1\">Maki\u0161<\/td><td class=\"column-2\">Belgrad<\/td>\n<\/tr>\n<tr class=\"row-49\">\n\t<td class=\"column-1\">Sporthalle<\/td><td class=\"column-2\">Padinska Skela<\/td>\n<\/tr>\n<tr class=\"row-50\">\n\t<td class=\"column-1\">SRC \u201e11. April\u201c<\/td><td class=\"column-2\">Belgrad, Stadtgemeinde Novi Beograd<\/td>\n<\/tr>\n<tr class=\"row-51\">\n\t<td class=\"column-1\">Wiener St\u00e4dtische Gesch\u00e4ftszentrum \u201eBlok 11a\u201c und andere Objekte<\/td><td class=\"column-2\">Belgrad, Stadtgemeinde Novi Beograd<\/td>\n<\/tr>\n<tr class=\"row-52\">\n\t<td class=\"column-1\">Flugkontrollturm<\/td><td class=\"column-2\">Belgrad, Batajnica<\/td>\n<\/tr>\n<tr class=\"row-53\">\n\t<td class=\"column-1\">Universiade 2009<\/td><td class=\"column-2\">Block 67 \u2013 Belgrad, Stadtgemeinde Novi Beograd<\/td>\n<\/tr>\n<tr class=\"row-54\">\n\t<td class=\"column-1\">Multifunktionales Zentrum \u2013 \u201eU\u0160\u0106E\u201c<\/td><td class=\"column-2\">Belgrad, Stadtgemeinde Novi Beograd<\/td>\n<\/tr>\n<tr class=\"row-55\">\n\t<td class=\"column-1\">Versicherung \u201eGrawe\u201c<\/td><td class=\"column-2\">Belgrad, Stadtgemeinde Novi Beograd<\/td>\n<\/tr>\n<tr class=\"row-56\">\n\t<td class=\"column-1\">Dosenfabrik<\/td><td class=\"column-2\">Belgrad, Stadtgemeinde Zemun<\/td>\n<\/tr>\n<tr class=\"row-57\">\n\t<td class=\"column-1\">Tabakindustrie \u201ePhilip Moris\u201c<\/td><td class=\"column-2\">Ni\u0161<\/td>\n<\/tr>\n<tr class=\"row-58\">\n\t<td class=\"column-1\">Gesch\u00e4fts- und Wohnobjekte im Zentrum<\/td><td class=\"column-2\">Belgrad, Stadtgemeinde Zvezdara<\/td>\n<\/tr>\n<tr class=\"row-59\">\n\t<td class=\"column-1\">Gesch\u00e4fts- und Wohnobjekte im Zentrum<\/td><td class=\"column-2\">Smederevska Palanka<\/td>\n<\/tr>\n<\/tbody>\n<\/table>\n<\/div>\n<p><\/p>","protected":false},"excerpt":{"rendered":"<p>Im Laufe der mehr als 30-j\u00e4hrigen T\u00e4tigkeit auf dem in- und ausl\u00e4ndischen Markt hat Nole Mont Ltd. eine gro\u00dfe Anzahl von Kunden und Referenzen gewonnen. Hier stellen wir einige bemerkenswerte die im Inland ausgef\u00fchrt wurden:<\/p>\n","protected":false},"author":1,"featured_media":0,"parent":50,"menu_order":0,"comment_status":"closed","ping_status":"closed","template":"","meta":{"_monsterinsights_skip_tracking":false,"_monsterinsights_sitenote_active":false,"_monsterinsights_sitenote_note":"","_monsterinsights_sitenote_category":0,"footnotes":""},"_links":{"self":[{"href":"https:\/\/nolemont.com\/de\/wp-json\/wp\/v2\/pages\/248"}],"collection":[{"href":"https:\/\/nolemont.com\/de\/wp-json\/wp\/v2\/pages"}],"about":[{"href":"https:\/\/nolemont.com\/de\/wp-json\/wp\/v2\/types\/page"}],"author":[{"embeddable":true,"href":"https:\/\/nolemont.com\/de\/wp-json\/wp\/v2\/users\/1"}],"replies":[{"embeddable":true,"href":"https:\/\/nolemont.com\/de\/wp-json\/wp\/v2\/comments?post=248"}],"version-history":[{"count":18,"href":"https:\/\/nolemont.com\/de\/wp-json\/wp\/v2\/pages\/248\/revisions"}],"predecessor-version":[{"id":1540,"href":"https:\/\/nolemont.com\/de\/wp-json\/wp\/v2\/pages\/248\/revisions\/1540"}],"up":[{"embeddable":true,"href":"https:\/\/nolemont.com\/de\/wp-json\/wp\/v2\/pages\/50"}],"wp:attachment":[{"href":"https:\/\/nolemont.com\/de\/wp-json\/wp\/v2\/media?parent=248"}],"curies":[{"name":"wp","href":"https:\/\/api.w.org\/{rel}","templated":true}]}}